{"id":1271,"date":"2021-03-13T10:14:42","date_gmt":"2021-03-13T09:14:42","guid":{"rendered":"https:\/\/petrakummer.ch\/conditions-generales\/"},"modified":"2021-03-17T12:54:36","modified_gmt":"2021-03-17T11:54:36","slug":"agb","status":"publish","type":"page","link":"https:\/\/petrakummer.ch\/de\/agb\/","title":{"rendered":"AGB"},"content":{"rendered":"<p>[et_pb_section fb_built=&#8220;1&#8243; fullwidth=&#8220;on&#8220; disabled_on=&#8220;off|off|off&#8220; _builder_version=&#8220;4.9.0&#8243; animation_style=&#8220;slide&#8220; animation_direction=&#8220;top&#8220; animation_intensity_slide=&#8220;2%&#8220; animation_starting_opacity=&#8220;100%&#8220;][et_pb_fullwidth_header text_orientation=&#8220;center&#8220; content_max_width=&#8220;800px&#8220; _builder_version=&#8220;4.9.0&#8243; title_font=&#8220;Poppins|200|||||||&#8220; title_font_size=&#8220;39px&#8220; title_line_height=&#8220;1.2em&#8220; content_font=&#8220;||||||||&#8220; content_font_size=&#8220;20px&#8220; content_line_height=&#8220;1.8em&#8220; background_enable_color=&#8220;off&#8220; background_color_gradient_direction=&#8220;90deg&#8220; background_image=&#8220;https:\/\/petrakummer.ch\/wp-content\/uploads\/2021\/02\/IMG_1291.jpg&#8220; custom_button_one=&#8220;on&#8220; button_one_text_size=&#8220;18px&#8220; button_one_bg_color=&#8220;#02d002&#8243; button_one_border_width=&#8220;8px&#8220; button_one_border_color=&#8220;#02d002&#8243; button_one_border_radius=&#8220;0px&#8220; button_one_letter_spacing=&#8220;1px&#8220; button_one_font=&#8220;Lato|700|||||||&#8220; button_one_use_icon=&#8220;off&#8220; custom_button_two=&#8220;on&#8220; button_two_text_size=&#8220;18px&#8220; button_two_text_color=&#8220;#353740&#8243; button_two_bg_color=&#8220;#ffffff&#8220; button_two_border_width=&#8220;8px&#8220; button_two_border_color=&#8220;#ffffff&#8220; button_two_border_radius=&#8220;0px&#8220; button_two_letter_spacing=&#8220;1px&#8220; button_two_font=&#8220;Lato|700|||||||&#8220; button_two_use_icon=&#8220;off&#8220; custom_margin=&#8220;|||&#8220; custom_padding=&#8220;250px||250px||false|false&#8220; custom_padding_tablet=&#8220;&#8220; custom_padding_phone=&#8220;110px||110px||false|false&#8220; custom_padding_last_edited=&#8220;on|phone&#8220; button_one_letter_spacing_hover=&#8220;1px&#8220; button_two_letter_spacing_hover=&#8220;1px&#8220; button_one_text_size__hover_enabled=&#8220;off&#8220; button_two_text_size__hover_enabled=&#8220;off&#8220; button_one_text_color__hover_enabled=&#8220;off&#8220; button_two_text_color__hover_enabled=&#8220;off&#8220; button_one_border_width__hover_enabled=&#8220;off&#8220; button_two_border_width__hover_enabled=&#8220;off&#8220; button_one_border_color__hover_enabled=&#8220;off&#8220; button_two_border_color__hover_enabled=&#8220;off&#8220; button_one_border_radius__hover_enabled=&#8220;off&#8220; button_two_border_radius__hover_enabled=&#8220;off&#8220; button_one_letter_spacing__hover_enabled=&#8220;on&#8220; button_one_letter_spacing__hover=&#8220;1px&#8220; button_two_letter_spacing__hover_enabled=&#8220;on&#8220; button_two_letter_spacing__hover=&#8220;1px&#8220; button_one_bg_color__hover_enabled=&#8220;off&#8220; button_two_bg_color__hover_enabled=&#8220;off&#8220;][\/et_pb_fullwidth_header][\/et_pb_section][et_pb_section fb_built=&#8220;1&#8243; admin_label=&#8220;Market Information Section&#8220; _builder_version=&#8220;4.9.0&#8243; background_image=&#8220;https:\/\/petrakummer.ch\/wp-content\/uploads\/2021\/03\/montagne3b.jpg&#8220; background_size=&#8220;contain&#8220; background_position=&#8220;bottom_center&#8220; custom_padding=&#8220;5em||7em||false|false&#8220;][et_pb_row admin_label=&#8220;Market Information Title Area&#8220; _builder_version=&#8220;4.9.0&#8243; custom_padding=&#8220;0px|0px|0px|0px|false|false&#8220;][et_pb_column type=&#8220;4_4&#8243; _builder_version=&#8220;3.25&#8243; custom_padding=&#8220;|||&#8220; custom_padding__hover=&#8220;|||&#8220;][et_pb_text _builder_version=&#8220;4.9.0&#8243; text_font=&#8220;||||||||&#8220; text_font_size=&#8220;16px&#8220; text_line_height=&#8220;1.8em&#8220; header_font=&#8220;||||||||&#8220; header_font_size=&#8220;25px&#8220; header_3_font_size=&#8220;20px&#8220; animation_style=&#8220;flip&#8220; animation_direction=&#8220;left&#8220; animation_intensity_flip=&#8220;20%&#8220; animation_starting_opacity=&#8220;100%&#8220;]<\/p>\n<h1 style=\"text-align: center;\">AGB<\/h1>\n<p>[\/et_pb_text][\/et_pb_column][\/et_pb_row][et_pb_row admin_label=&#8220;Market Information Title Area&#8220; _builder_version=&#8220;3.25&#8243; custom_padding=&#8220;25px|0px|3px|0px||&#8220;][et_pb_column type=&#8220;4_4&#8243; _builder_version=&#8220;3.25&#8243; custom_padding=&#8220;|||&#8220; custom_padding__hover=&#8220;|||&#8220;][et_pb_text _builder_version=&#8220;4.9.0&#8243; text_font=&#8220;||||||||&#8220; text_font_size=&#8220;16px&#8220; text_line_height=&#8220;1.8em&#8220; header_font=&#8220;||||||||&#8220; animation_style=&#8220;flip&#8220; animation_direction=&#8220;left&#8220; animation_intensity_flip=&#8220;20%&#8220; animation_starting_opacity=&#8220;100%&#8220;]<\/p>\n<h2><\/h2>\n<h2>in K\u00fcrze online<strong><em><br \/> <\/em><\/strong><\/h2>\n<p>&#8230;<\/p>\n<p>&nbsp;<\/p>\n<p>&nbsp;<\/p>\n<p>&nbsp;<\/p>\n<p>&nbsp;<\/p>\n<p>&nbsp;<\/p>\n<p>&nbsp;<\/p>\n<p>&nbsp;<\/p>\n<p>[\/et_pb_text][\/et_pb_column][\/et_pb_row][\/et_pb_section][et_pb_section fb_built=&#8220;1&#8243; admin_label=&#8220;Newsletter Section&#8220; _builder_version=&#8220;4.9.0&#8243; background_color=&#8220;#a1bd9d&#8220; background_enable_image=&#8220;off&#8220; parallax=&#8220;on&#8220; custom_padding=&#8220;25px||15px||false|false&#8220; locked=&#8220;off&#8220;][et_pb_row admin_label=&#8220;Newsletter Area&#8220; _builder_version=&#8220;4.9.0&#8243; locked=&#8220;off&#8220;][et_pb_column type=&#8220;4_4&#8243; _builder_version=&#8220;4.9.0&#8243; custom_padding=&#8220;|||&#8220; custom_padding__hover=&#8220;|||&#8220;][et_pb_text _builder_version=&#8220;4.9.0&#8243; _module_preset=&#8220;default&#8220; header_2_line_height=&#8220;1.5em&#8220; hover_enabled=&#8220;0&#8243; sticky_enabled=&#8220;0&#8243;]<\/p>\n<h2 style=\"text-align: center;\"><span style=\"color: #ffffff;\">F\u00fcr den Newsletter anmelden<\/span><\/h2>\n<p style=\"text-align: center;\"><span style=\"color: #ffffff;\">Abonnieren Sie meinen Newsletter, um \u00fcber alle Tageswanderungen, Mehrtageswanderungen und Fastenkurse informiert zu werden!<\/span><\/p>\n<form method=\"post\" action=\"https:\/\/newsletter.infomaniak.com\/external\/submit\" class=\"inf-form\" target=\"_blank\"><input type=\"email\" name=\"email\" style=\"display:none\" \/><input type=\"hidden\" name=\"key\" value=\"eyJpdiI6IkdlcitZR1BOZWVBM1JXK3dITVlCQXAzam9tbWdrVVVmeDAzdmQ0UWx0Wnc9IiwidmFsdWUiOiJpanF5SVVPT1R6K1h1azRncDRoTjBjaHdDUXN2MUVsUGo4MlBNVTU4dzQ4PSIsIm1hYyI6IjE4N2JiMzNmYzMxODJmNzE2MDQ1NzgxODJhZWYyNTNlNmNmMDc2YzA1MTM2YTdjYWU0ZTYwYTdkZTViNmFiYjQifQ==\"><input type=\"hidden\" name=\"webform_id\" value=\"9755\"><\/p>\n<style> .inf-main_c4fac8fb3c9e17a2f4553a001f631975{ padding:0px; margin:0px auto; } .inf-main_c4fac8fb3c9e17a2f4553a001f631975 .inf-content { margin-top:0px;} .inf-main_c4fac8fb3c9e17a2f4553a001f631975 h4, .inf-main_c4fac8fb3c9e17a2f4553a001f631975 span, .inf-main_c4fac8fb3c9e17a2f4553a001f631975 label, .inf-main_c4fac8fb3c9e17a2f4553a001f631975 input, .inf-main_c4fac8fb3c9e17a2f4553a001f631975 .inf-submit, .inf-main_c4fac8fb3c9e17a2f4553a001f631975 .inf-success p a { color:#555555; font-size:14px; } .inf-main_c4fac8fb3c9e17a2f4553a001f631975 h4{ font-size:18px; margin:0px 0px 13px 0px; } .inf-main_c4fac8fb3c9e17a2f4553a001f631975 h4, .inf-main_c4fac8fb3c9e17a2f4553a001f631975 label{ font-weight:bold; } .inf-main_c4fac8fb3c9e17a2f4553a001f631975 .inf-input { margin-bottom:7px; } .inf-main_c4fac8fb3c9e17a2f4553a001f631975 label { display:block;} .inf-main_c4fac8fb3c9e17a2f4553a001f631975 input{ height:35px; color:#999999; border: 1px solid #E9E9E9; border:none; padding-left:7px; } .inf-main_c4fac8fb3c9e17a2f4553a001f631975 .inf-input.inf-error label, .inf-main_c4fac8fb3c9e17a2f4553a001f631975 .inf-input.inf-error span.inf-message{ color: #cc0033; } .inf-main_c4fac8fb3c9e17a2f4553a001f631975 .inf-input.inf-error input{ border: 1px solid #cc0033; } .inf-main_c4fac8fb3c9e17a2f4553a001f631975 .inf-input input { width:100%;} .inf-main_c4fac8fb3c9e17a2f4553a001f631975 .inf-input.inf-error span.inf-message { display: block; } .inf-main_c4fac8fb3c9e17a2f4553a001f631975 .inf-submit { text-align:right;} .inf-main_c4fac8fb3c9e17a2f4553a001f631975 .inf-submit input{ background-color:#777777; color:#ffffff; border:none; font-weight: normal; height:auto; padding:7px; } .inf-main_c4fac8fb3c9e17a2f4553a001f631975 .inf-submit input.disabled{ opacity: 0.4; } .inf-btn { color: rgb(85, 85, 85); border: medium none; font-weight: normal; height: auto; padding: 7px; display: inline-block; background-color: white; box-shadow: 0px 1px 1px rgba(0, 0, 0, 0.24); border-radius: 2px; line-height: 1em; } .inf-rgpd { margin:25px 0px 15px 0px; color:#555555; } <\/style>\n<div class=\"inf-main_c4fac8fb3c9e17a2f4553a001f631975\">\n<h4><\/h4>\n<p> <span><\/span> <\/p>\n<div class=\"inf-success\" style=\"display:none\">\n<h4>Votre inscription a \u00e9t\u00e9 enregistr\u00e9e avec succ\u00e8s !<\/h4>\n<p> <a href=\"#\" class=\"inf-btn\">&laquo;<\/a> <\/p>\n<\/p><\/div>\n<div class=\"inf-content\">\n<div class=\"inf-input inf-input-text\"> <input type=\"text\" name=\"inf[1]\" data-inf-meta = \"1\" data-inf-error = \"Merci de renseigner une adresse email\" required=\"required\" placeholder=\"Email\" > <\/div>\n<div class=\"inf-submit\"> <input type=\"submit\" name=\"\" value=\"Abonnieren\"> <\/div>\n<\/p><\/div>\n<\/p><\/div>\n<\/p><\/form>\n<p>[\/et_pb_text][\/et_pb_column][\/et_pb_row][\/et_pb_section]<\/p>\n","protected":false},"excerpt":{"rendered":"<p>AGB in K\u00fcrze online &#8230; &nbsp; &nbsp; &nbsp; &nbsp; &nbsp; &nbsp; &nbsp;F\u00fcr den Newsletter anmelden Abonnieren Sie meinen Newsletter, um \u00fcber alle Tageswanderungen, Mehrtageswanderungen und Fastenkurse informiert zu werden! Votre inscription a \u00e9t\u00e9 enregistr\u00e9e avec succ\u00e8s ! &laquo;<\/p>\n","protected":false},"author":2,"featured_media":0,"parent":0,"menu_order":0,"comment_status":"closed","ping_status":"closed","template":"","meta":{"_et_pb_use_builder":"on","_et_pb_old_content":"","_et_gb_content_width":"","ngg_post_thumbnail":0,"footnotes":""},"class_list":["post-1271","page","type-page","status-publish","hentry"],"_links":{"self":[{"href":"https:\/\/petrakummer.ch\/de\/wp-json\/wp\/v2\/pages\/1271","targetHints":{"allow":["GET"]}}],"collection":[{"href":"https:\/\/petrakummer.ch\/de\/wp-json\/wp\/v2\/pages"}],"about":[{"href":"https:\/\/petrakummer.ch\/de\/wp-json\/wp\/v2\/types\/page"}],"author":[{"embeddable":true,"href":"https:\/\/petrakummer.ch\/de\/wp-json\/wp\/v2\/users\/2"}],"replies":[{"embeddable":true,"href":"https:\/\/petrakummer.ch\/de\/wp-json\/wp\/v2\/comments?post=1271"}],"version-history":[{"count":12,"href":"https:\/\/petrakummer.ch\/de\/wp-json\/wp\/v2\/pages\/1271\/revisions"}],"predecessor-version":[{"id":1621,"href":"https:\/\/petrakummer.ch\/de\/wp-json\/wp\/v2\/pages\/1271\/revisions\/1621"}],"wp:attachment":[{"href":"https:\/\/petrakummer.ch\/de\/wp-json\/wp\/v2\/media?parent=1271"}],"curies":[{"name":"wp","href":"https:\/\/api.w.org\/{rel}","templated":true}]}}